{"id":10,"date":"2017-10-11T08:11:33","date_gmt":"2017-10-11T08:11:33","guid":{"rendered":"https:\/\/demos.artbees.net\/jupiter\/litae\/?page_id=10"},"modified":"2022-01-19T21:18:28","modified_gmt":"2022-01-19T21:18:28","slug":"studio","status":"publish","type":"page","link":"http:\/\/grupoempresarialantillano.com\/?page_id=10","title":{"rendered":"Servicios"},"content":{"rendered":"[mk_page_section bg_image=\u00bbhttp:\/\/grupoempresarialantillano.com\/wp-content\/uploads\/2022\/01\/soldador-4-1-scaled.jpg\u00bb bg_position=\u00bbcenter center\u00bb bg_repeat=\u00bbno-repeat\u00bb bg_stretch=\u00bbtrue\u00bb min_height=\u00bb800&#8243; js_vertical_centered=\u00bbtrue\u00bb sidebar=\u00bbsidebar-1&#8243;][vc_column width=\u00bb1\/2&#8243;][mk_fancy_title tag_name=\u00bbh1&#8243; color_style=\u00bbgradient_color\u00bb grandient_color_from=\u00bb#0bb8c1&#8243; grandient_color_to=\u00bb#01a83b\u00bb grandient_color_style=\u00bbradial\u00bb grandient_color_fallback=\u00bb#d38c76&#8243; size=\u00bb75&#8243; force_font_size=\u00bbtrue\u00bb size_phone=\u00bb50&#8243; font_weight=\u00bb500&#8243; txt_transform=\u00bbcapitalize\u00bb margin_bottom=\u00bb0&#8243; font_family=\u00bbnone\u00bb align=\u00bbcenter\u00bb]\n<h1><span style=\"vertical-align: inherit;\"><span style=\"vertical-align: inherit;\">NUESTROS SERVICIOS<\/span><\/span><\/h1>\n[\/mk_fancy_title][mk_fancy_title tag_name=\u00bbspan\u00bb color=\u00bb#ffffff\u00bb size=\u00bb26&#8243; txt_transform=\u00bbnone\u00bb margin_bottom=\u00bb0&#8243; font_family=\u00bbnone\u00bb align=\u00bbcenter\u00bb]<span style=\"vertical-align: inherit;\"><span style=\"vertical-align: inherit;\">Somos una empresa con alta experiencia En la producci\u00f3n y comercializaci\u00f3n, pero Siempre capacit\u00e1ndonos para ofrecer los Mejores productos y servicios.<\/span><\/span>[\/mk_fancy_title][\/vc_column][vc_column width=\u00bb1\/2&#8243;][\/vc_column][\/mk_page_section][vc_row][vc_column][mk_divider style=\u00bbthick_solid\u00bb divider_width=\u00bbone_fourth\u00bb border_color=\u00bb#01a83b\u00bb][\/vc_column][\/vc_row][vc_row][vc_column width=\u00bb1\/3&#8243;][mk_padding_divider size=\u00bb70&#8243;][mk_flipbox front_background_color=\u00bb#f0f4f5&#8243; back_background_color=\u00bb#f0f4f5&#8243; icon_type=\u00bbicon\u00bb icon=\u00bbmk-icon-navicon\u00bb icon_size=\u00bb64&#8243; icon_color=\u00bb#01a83b\u00bb front_title=\u00bbComercializaci\u00f3n de trailers, Tanqueros, furgones, tr\u00e1ilers De cortinas, dollys y servicios De reparaci\u00f3n\u00bb front_desc_size=\u00bb17&#8243; front_desc_color=\u00bb#aaaaaa\u00bb back_desc=\u00bbDise\u00f1os personalizados de Acuerdo a las necesidades de Cada cliente, fabricados En Acero negro, aluminio e Inoxidable.\u00bb back_desc_size=\u00bb17&#8243;][mk_padding_divider size=\u00bb70&#8243;][mk_flipbox front_background_color=\u00bb#f0f4f5&#8243; back_background_color=\u00bb#f0f4f5&#8243; icon_type=\u00bbicon\u00bb icon=\u00bbmk-moon-contract-2&#8243; icon_size=\u00bb64&#8243; icon_color=\u00bb#01a83b\u00bb front_title=\u00bbOperaci\u00f3n de plantas de Trituraci\u00f3n de agregados\u00bb front_desc_size=\u00bb17&#8243; front_desc_color=\u00bb#aaaaaa\u00bb back_desc=\u00bbOfrecemos soluciones para plantas trituradoras de Agregados, aplicando las Mejores t\u00e9cnicas.\u00bb back_desc_size=\u00bb17&#8243;][\/vc_column][vc_column width=\u00bb1\/3&#8243;][mk_padding_divider size=\u00bb70&#8243;][mk_flipbox front_background_color=\u00bb#f0f4f5&#8243; back_background_color=\u00bb#f0f4f5&#8243; icon_type=\u00bbicon\u00bb icon=\u00bbmk-icon-arrows-alt\u00bb icon_size=\u00bb64&#8243; icon_color=\u00bb#01a83b\u00bb front_title=\u00bbFabricaci\u00f3n, comercializaci\u00f3n Y reparaci\u00f3n de cortinas para camiones\u00bb front_desc_size=\u00bb17&#8243; front_desc_color=\u00bb#aaaaaa\u00bb back_desc=\u00bbDesarrollado en lonas (Curtainsides) con la oferta M\u00e1s amplia para este tipo de Veh\u00edculos: cortinas laterales Con Correderos, accesorios de Tensi\u00f3n, Perfiles, ruletas y Rodamientos.\u00bb back_desc_size=\u00bb17&#8243;][mk_padding_divider size=\u00bb70&#8243;][mk_flipbox front_background_color=\u00bb#f0f4f5&#8243; back_background_color=\u00bb#f0f4f5&#8243; icon_type=\u00bbicon\u00bb icon=\u00bbmk-icon-arrows-h\u00bb icon_size=\u00bb64&#8243; icon_color=\u00bb#01a83b\u00bb front_title=\u00bbMontaje de ingenier\u00eda y Redes contraincendios\u00bb front_desc_size=\u00bb17&#8243; front_desc_color=\u00bb#aaaaaa\u00bb back_desc=\u00bbSuministro, instalaci\u00f3n y Mantenimiento, con especial \u00e9nfasis en sistemas de Protecci\u00f3n contra incendio, Montajes mec\u00e1nicos y Mantenimiento industrial.\u00bb back_desc_size=\u00bb17&#8243;][mk_divider style=\u00bbpadding_space\u00bb][mk_fancy_title color=\u00bb#aaaaaa\u00bb size=\u00bb16&#8243; txt_transform=\u00bbuppercase\u00bb letter_spacing=\u00bb4&#8243; font_family=\u00bbUbuntu\u00bb font_type=\u00bbgoogle\u00bb align=\u00bbcenter\u00bb]ESTAMOS ORGULLOSOS DE[\/mk_fancy_title][mk_fancy_title color=\u00bb#01a83b\u00bb size=\u00bb30&#8243; force_font_size=\u00bbtrue\u00bb size_phone=\u00bb25&#8243; txt_transform=\u00bbuppercase\u00bb letter_spacing=\u00bb2&#8243; font_family=\u00bbUbuntu\u00bb font_type=\u00bbgoogle\u00bb align=\u00bbcenter\u00bb]QUE HACEMOS[\/mk_fancy_title][\/vc_column][vc_column width=\u00bb1\/3&#8243;][mk_padding_divider size=\u00bb70&#8243;][mk_flipbox front_background_color=\u00bb#f0f4f5&#8243; back_background_color=\u00bb#f0f4f5&#8243; icon_type=\u00bbicon\u00bb icon=\u00bbmk-icon-chevron-up\u00bb icon_size=\u00bb64&#8243; icon_color=\u00bb#01a83b\u00bb front_title=\u00bbMontaje de molinos, cribas vibratorias y bandas transportadoras\u00bb front_desc_size=\u00bb17&#8243; front_desc_color=\u00bb#aaaaaa\u00bb back_desc=\u00bbSupervisi\u00f3n del montaje, Supervisi\u00f3n de la puesta en Servicio y formaci\u00f3n del Personal operario.\u00bb back_desc_size=\u00bb17&#8243;][mk_padding_divider size=\u00bb70&#8243;][mk_flipbox front_background_color=\u00bb#f0f4f5&#8243; back_background_color=\u00bb#f0f4f5&#8243; icon_type=\u00bbicon\u00bb icon=\u00bbmk-icon-arrow-circle-down\u00bb icon_size=\u00bb64&#8243; icon_color=\u00bb#01a83b\u00bb front_title=\u00bbFabricaci\u00f3n y montaje de Sistemas para Control de poluci\u00f3n\u00bb front_desc_size=\u00bb17&#8243; front_desc_color=\u00bb#aaaaaa\u00bb back_desc=\u00bbAdaptaci\u00f3n progresiva de los Focos existentes a las Exigencias de los nuevos.\u00bb back_desc_size=\u00bb17&#8243;][\/vc_column][\/vc_row]\n","protected":false},"excerpt":{"rendered":"<p>[mk_page_section bg_image=\u00bbhttp:\/\/grupoempresarialantillano.com\/wp-content\/uploads\/2022\/01\/soldador-4-1-scaled.jpg\u00bb bg_position=\u00bbcenter center\u00bb bg_repeat=\u00bbno-repeat\u00bb bg_stretch=\u00bbtrue\u00bb min_height=\u00bb800&#8243; js_vertical_centered=\u00bbtrue\u00bb sidebar=\u00bbsidebar-1&#8243;][vc_column width=\u00bb1\/2&#8243;][mk_fancy_title tag_name=\u00bbh1&#8243; color_style=\u00bbgradient_color\u00bb grandient_color_from=\u00bb#0bb8c1&#8243; grandient_color_to=\u00bb#01a83b\u00bb grandient_color_style=\u00bbradial\u00bb grandient_color_fallback=\u00bb#d38c76&#8243; size=\u00bb75&#8243; force_font_size=\u00bbtrue\u00bb size_phone=\u00bb50&#8243; font_weight=\u00bb500&#8243; txt_transform=\u00bbcapitalize\u00bb margin_bottom=\u00bb0&#8243; font_family=\u00bbnone\u00bb align=\u00bbcenter\u00bb] NUESTROS SERVICIOS [\/mk_fancy_title][mk_fancy_title tag_name=\u00bbspan\u00bb color=\u00bb#ffffff\u00bb size=\u00bb26&#8243; txt_transform=\u00bbnone\u00bb margin_bottom=\u00bb0&#8243; font_family=\u00bbnone\u00bb align=\u00bbcenter\u00bb]Somos una empresa con alta experiencia En la producci\u00f3n y comercializaci\u00f3n, pero Siempre capacit\u00e1ndonos para ofrecer los Mejores productos y servicios.[\/mk_fancy_title][\/vc_column][vc_column width=\u00bb1\/2&#8243;][\/vc_column][\/mk_page_section][vc_row][vc_column][mk_divider [&hellip;]<\/p>\n","protected":false},"author":2,"featured_media":0,"parent":0,"menu_order":0,"comment_status":"closed","ping_status":"closed","template":"","meta":{"_joinchat":[],"footnotes":""},"class_list":["post-10","page","type-page","status-publish","hentry"],"_links":{"self":[{"href":"http:\/\/grupoempresarialantillano.com\/index.php?rest_route=\/wp\/v2\/pages\/10","targetHints":{"allow":["GET"]}}],"collection":[{"href":"http:\/\/grupoempresarialantillano.com\/index.php?rest_route=\/wp\/v2\/pages"}],"about":[{"href":"http:\/\/grupoempresarialantillano.com\/index.php?rest_route=\/wp\/v2\/types\/page"}],"author":[{"embeddable":true,"href":"http:\/\/grupoempresarialantillano.com\/index.php?rest_route=\/wp\/v2\/users\/2"}],"replies":[{"embeddable":true,"href":"http:\/\/grupoempresarialantillano.com\/index.php?rest_route=%2Fwp%2Fv2%2Fcomments&post=10"}],"version-history":[{"count":4,"href":"http:\/\/grupoempresarialantillano.com\/index.php?rest_route=\/wp\/v2\/pages\/10\/revisions"}],"predecessor-version":[{"id":478,"href":"http:\/\/grupoempresarialantillano.com\/index.php?rest_route=\/wp\/v2\/pages\/10\/revisions\/478"}],"wp:attachment":[{"href":"http:\/\/grupoempresarialantillano.com\/index.php?rest_route=%2Fwp%2Fv2%2Fmedia&parent=10"}],"curies":[{"name":"wp","href":"https:\/\/api.w.org\/{rel}","templated":true}]}}