{"id":176,"date":"2017-10-27T08:46:40","date_gmt":"2017-10-27T08:46:40","guid":{"rendered":"https:\/\/demos.artbees.net\/jupiter\/litae\/?post_type=product&#038;p=176"},"modified":"2022-03-04T20:57:06","modified_gmt":"2022-03-04T20:57:06","slug":"polipasto","status":"publish","type":"product","link":"http:\/\/grupoempresarialantillano.com\/?product=polipasto","title":{"rendered":"POLIPASTO DE PALANCA"},"content":{"rendered":"<h5>Caracterizados por un dise\u00f1o compacto y una s\u00f3lida estructura de acero, los polipastos manuales de palanca son equipos de elevaci\u00f3n y sujeci\u00f3n vers\u00e1tiles y duraderos, ideales para trabajos de construcci\u00f3n o mantenimiento.<\/h5>\n","protected":false},"excerpt":{"rendered":"<p>Caracterizados por un dise\u00f1o compacto y una s\u00f3lida estructura de acero, los polipastos manuales de palanca son equipos de elevaci\u00f3n y sujeci\u00f3n vers\u00e1tiles y duraderos, ideales para trabajos de construcci\u00f3n o mantenimiento.<\/p>\n","protected":false},"featured_media":539,"comment_status":"open","ping_status":"closed","template":"","meta":{"_joinchat":[]},"product_cat":[34],"product_tag":[61,62],"class_list":{"0":"post-176","1":"product","2":"type-product","3":"status-publish","4":"has-post-thumbnail","6":"product_cat-manejo-de-cargas","7":"product_tag-polipasto-de-palanca","8":"product_tag-polipasto-manual","10":"first","11":"instock","12":"shipping-taxable","13":"product-type-simple"},"_links":{"self":[{"href":"http:\/\/grupoempresarialantillano.com\/index.php?rest_route=\/wp\/v2\/product\/176","targetHints":{"allow":["GET"]}}],"collection":[{"href":"http:\/\/grupoempresarialantillano.com\/index.php?rest_route=\/wp\/v2\/product"}],"about":[{"href":"http:\/\/grupoempresarialantillano.com\/index.php?rest_route=\/wp\/v2\/types\/product"}],"replies":[{"embeddable":true,"href":"http:\/\/grupoempresarialantillano.com\/index.php?rest_route=%2Fwp%2Fv2%2Fcomments&post=176"}],"version-history":[{"count":6,"href":"http:\/\/grupoempresarialantillano.com\/index.php?rest_route=\/wp\/v2\/product\/176\/revisions"}],"predecessor-version":[{"id":702,"href":"http:\/\/grupoempresarialantillano.com\/index.php?rest_route=\/wp\/v2\/product\/176\/revisions\/702"}],"wp:featuredmedia":[{"embeddable":true,"href":"http:\/\/grupoempresarialantillano.com\/index.php?rest_route=\/wp\/v2\/media\/539"}],"wp:attachment":[{"href":"http:\/\/grupoempresarialantillano.com\/index.php?rest_route=%2Fwp%2Fv2%2Fmedia&parent=176"}],"wp:term":[{"taxonomy":"product_cat","embeddable":true,"href":"http:\/\/grupoempresarialantillano.com\/index.php?rest_route=%2Fwp%2Fv2%2Fproduct_cat&post=176"},{"taxonomy":"product_tag","embeddable":true,"href":"http:\/\/grupoempresarialantillano.com\/index.php?rest_route=%2Fwp%2Fv2%2Fproduct_tag&post=176"}],"curies":[{"name":"wp","href":"https:\/\/api.w.org\/{rel}","templated":true}]}}