{"id":42,"date":"2017-10-13T11:29:07","date_gmt":"2017-10-13T11:29:07","guid":{"rendered":"https:\/\/demos.artbees.net\/jupiter\/litae\/?post_type=product&#038;p=42"},"modified":"2022-02-28T19:56:07","modified_gmt":"2022-02-28T19:56:07","slug":"product-01","status":"publish","type":"product","link":"http:\/\/grupoempresarialantillano.com\/?product=product-01","title":{"rendered":"GRILLETE\u00a0RECTO"},"content":{"rendered":"<h5>El grillete recto es el dispositivo de elevaci\u00f3n m\u00e1s utilizado como pieza intermedia entre una argolla, c\u00e1ncamo o gancho y una eslinga.<\/h5>\n","protected":false},"excerpt":{"rendered":"<p>El grillete recto es el dispositivo de elevaci\u00f3n m\u00e1s utilizado como pieza intermedia entre una argolla, c\u00e1ncamo o gancho y una eslinga.<\/p>\n","protected":false},"featured_media":396,"comment_status":"open","ping_status":"closed","template":"","meta":{"_joinchat":[]},"product_cat":[34],"product_tag":[],"class_list":{"0":"post-42","1":"product","2":"type-product","3":"status-publish","4":"has-post-thumbnail","6":"product_cat-manejo-de-cargas","8":"first","9":"instock","10":"shipping-taxable","11":"product-type-simple"},"_links":{"self":[{"href":"http:\/\/grupoempresarialantillano.com\/index.php?rest_route=\/wp\/v2\/product\/42","targetHints":{"allow":["GET"]}}],"collection":[{"href":"http:\/\/grupoempresarialantillano.com\/index.php?rest_route=\/wp\/v2\/product"}],"about":[{"href":"http:\/\/grupoempresarialantillano.com\/index.php?rest_route=\/wp\/v2\/types\/product"}],"replies":[{"embeddable":true,"href":"http:\/\/grupoempresarialantillano.com\/index.php?rest_route=%2Fwp%2Fv2%2Fcomments&post=42"}],"version-history":[{"count":6,"href":"http:\/\/grupoempresarialantillano.com\/index.php?rest_route=\/wp\/v2\/product\/42\/revisions"}],"predecessor-version":[{"id":689,"href":"http:\/\/grupoempresarialantillano.com\/index.php?rest_route=\/wp\/v2\/product\/42\/revisions\/689"}],"wp:featuredmedia":[{"embeddable":true,"href":"http:\/\/grupoempresarialantillano.com\/index.php?rest_route=\/wp\/v2\/media\/396"}],"wp:attachment":[{"href":"http:\/\/grupoempresarialantillano.com\/index.php?rest_route=%2Fwp%2Fv2%2Fmedia&parent=42"}],"wp:term":[{"taxonomy":"product_cat","embeddable":true,"href":"http:\/\/grupoempresarialantillano.com\/index.php?rest_route=%2Fwp%2Fv2%2Fproduct_cat&post=42"},{"taxonomy":"product_tag","embeddable":true,"href":"http:\/\/grupoempresarialantillano.com\/index.php?rest_route=%2Fwp%2Fv2%2Fproduct_tag&post=42"}],"curies":[{"name":"wp","href":"https:\/\/api.w.org\/{rel}","templated":true}]}}