{"id":712,"date":"2022-03-07T14:50:20","date_gmt":"2022-03-07T14:50:20","guid":{"rendered":"http:\/\/grupoempresarialantillano.com\/?post_type=product&#038;p=712"},"modified":"2022-03-14T20:31:06","modified_gmt":"2022-03-14T20:31:06","slug":"eslinga-de-carga","status":"publish","type":"product","link":"http:\/\/grupoempresarialantillano.com\/?product=eslinga-de-carga","title":{"rendered":"ESLINGA\u00a0DE\u00a0CARGA\u00a0DE\u00a03000\u00a0KG"},"content":{"rendered":"<p>La eslinga o cinto de carga es una herramienta de elevaci\u00f3n. Es el elemento intermedio que permite enganchar una carga a un gancho de izado o de tracci\u00f3n. Consiste en una cinta con un ancho o largo espec\u00edfico (var\u00edan seg\u00fan su resistencia, los modelos y los fabricantes) cuyos extremos terminan en un lazo (ojo).<\/p>\n<p>Con capacidad de carga m\u00e1xima de hasta 6600 libras.<\/p>\n","protected":false},"excerpt":{"rendered":"<p>La eslinga o cinto de carga es una herramienta de elevaci\u00f3n. Es el elemento intermedio que permite enganchar una carga a un gancho de izado o de tracci\u00f3n. Consiste en una cinta con un ancho o largo espec\u00edfico (var\u00edan seg\u00fan su resistencia, los modelos y los fabricantes) cuyos extremos terminan en un lazo (ojo). Con [&hellip;]<\/p>\n","protected":false},"featured_media":713,"comment_status":"open","ping_status":"closed","template":"","meta":{"_joinchat":[]},"product_cat":[65],"product_tag":[],"class_list":{"0":"post-712","1":"product","2":"type-product","3":"status-publish","4":"has-post-thumbnail","6":"product_cat-eslingas","8":"first","9":"instock","10":"shipping-taxable","11":"product-type-simple"},"_links":{"self":[{"href":"http:\/\/grupoempresarialantillano.com\/index.php?rest_route=\/wp\/v2\/product\/712","targetHints":{"allow":["GET"]}}],"collection":[{"href":"http:\/\/grupoempresarialantillano.com\/index.php?rest_route=\/wp\/v2\/product"}],"about":[{"href":"http:\/\/grupoempresarialantillano.com\/index.php?rest_route=\/wp\/v2\/types\/product"}],"replies":[{"embeddable":true,"href":"http:\/\/grupoempresarialantillano.com\/index.php?rest_route=%2Fwp%2Fv2%2Fcomments&post=712"}],"version-history":[{"count":4,"href":"http:\/\/grupoempresarialantillano.com\/index.php?rest_route=\/wp\/v2\/product\/712\/revisions"}],"predecessor-version":[{"id":762,"href":"http:\/\/grupoempresarialantillano.com\/index.php?rest_route=\/wp\/v2\/product\/712\/revisions\/762"}],"wp:featuredmedia":[{"embeddable":true,"href":"http:\/\/grupoempresarialantillano.com\/index.php?rest_route=\/wp\/v2\/media\/713"}],"wp:attachment":[{"href":"http:\/\/grupoempresarialantillano.com\/index.php?rest_route=%2Fwp%2Fv2%2Fmedia&parent=712"}],"wp:term":[{"taxonomy":"product_cat","embeddable":true,"href":"http:\/\/grupoempresarialantillano.com\/index.php?rest_route=%2Fwp%2Fv2%2Fproduct_cat&post=712"},{"taxonomy":"product_tag","embeddable":true,"href":"http:\/\/grupoempresarialantillano.com\/index.php?rest_route=%2Fwp%2Fv2%2Fproduct_tag&post=712"}],"curies":[{"name":"wp","href":"https:\/\/api.w.org\/{rel}","templated":true}]}}