{"id":727,"date":"2022-03-09T13:50:35","date_gmt":"2022-03-09T13:50:35","guid":{"rendered":"http:\/\/grupoempresarialantillano.com\/?post_type=product&#038;p=727"},"modified":"2022-03-14T20:30:46","modified_gmt":"2022-03-14T20:30:46","slug":"furgon-botellero","status":"publish","type":"product","link":"http:\/\/grupoempresarialantillano.com\/?product=furgon-botellero","title":{"rendered":"FURGON\u00a0BOTELLERO"},"content":{"rendered":"<h5><span style=\"vertical-align: inherit;\"><span style=\"vertical-align: inherit;\">Son la mejor opci\u00f3n para los profesionales dedicados al transporte de productos. Est\u00e1n dise\u00f1ados para ser c\u00f3modos, eficientes y f\u00e1ciles de conducir. <\/span><\/span><span style=\"vertical-align: inherit;\"><span style=\"vertical-align: inherit;\">El furgon botellero es el mejor veh\u00edculo para la carga y descarga de objetos pesados \u200b\u200bo de gran tama\u00f1o para el transporte.<\/span><\/span><\/h5>\n","protected":false},"excerpt":{"rendered":"<p>Son la mejor opci\u00f3n para los profesionales dedicados al transporte de productos. Est\u00e1n dise\u00f1ados para ser c\u00f3modos, eficientes y f\u00e1ciles de conducir. El furgon botellero es el mejor veh\u00edculo para la carga y descarga de objetos pesados \u200b\u200bo de gran tama\u00f1o para el transporte.<\/p>\n","protected":false},"featured_media":729,"comment_status":"open","ping_status":"closed","template":"","meta":{"_joinchat":[]},"product_cat":[27],"product_tag":[68,69],"class_list":{"0":"post-727","1":"product","2":"type-product","3":"status-publish","4":"has-post-thumbnail","6":"product_cat-furgones","7":"product_tag-furgon","8":"product_tag-furgon-botellero","10":"first","11":"instock","12":"shipping-taxable","13":"product-type-simple"},"_links":{"self":[{"href":"http:\/\/grupoempresarialantillano.com\/index.php?rest_route=\/wp\/v2\/product\/727","targetHints":{"allow":["GET"]}}],"collection":[{"href":"http:\/\/grupoempresarialantillano.com\/index.php?rest_route=\/wp\/v2\/product"}],"about":[{"href":"http:\/\/grupoempresarialantillano.com\/index.php?rest_route=\/wp\/v2\/types\/product"}],"replies":[{"embeddable":true,"href":"http:\/\/grupoempresarialantillano.com\/index.php?rest_route=%2Fwp%2Fv2%2Fcomments&post=727"}],"version-history":[{"count":6,"href":"http:\/\/grupoempresarialantillano.com\/index.php?rest_route=\/wp\/v2\/product\/727\/revisions"}],"predecessor-version":[{"id":761,"href":"http:\/\/grupoempresarialantillano.com\/index.php?rest_route=\/wp\/v2\/product\/727\/revisions\/761"}],"wp:featuredmedia":[{"embeddable":true,"href":"http:\/\/grupoempresarialantillano.com\/index.php?rest_route=\/wp\/v2\/media\/729"}],"wp:attachment":[{"href":"http:\/\/grupoempresarialantillano.com\/index.php?rest_route=%2Fwp%2Fv2%2Fmedia&parent=727"}],"wp:term":[{"taxonomy":"product_cat","embeddable":true,"href":"http:\/\/grupoempresarialantillano.com\/index.php?rest_route=%2Fwp%2Fv2%2Fproduct_cat&post=727"},{"taxonomy":"product_tag","embeddable":true,"href":"http:\/\/grupoempresarialantillano.com\/index.php?rest_route=%2Fwp%2Fv2%2Fproduct_tag&post=727"}],"curies":[{"name":"wp","href":"https:\/\/api.w.org\/{rel}","templated":true}]}}