{"id":806,"date":"2022-03-21T00:32:16","date_gmt":"2022-03-21T00:32:16","guid":{"rendered":"http:\/\/grupoempresarialantillano.com\/?post_type=product&#038;p=806"},"modified":"2022-03-21T00:54:32","modified_gmt":"2022-03-21T00:54:32","slug":"grillete-lira","status":"publish","type":"product","link":"http:\/\/grupoempresarialantillano.com\/?product=grillete-lira","title":{"rendered":"GRILETE LIRA DE 3\/4"},"content":{"rendered":"<h5>EL GRILLETE RECTO ES EL DISPOSITIVO DE ELEVACI\u00d3N M\u00c1S UTILIZADO COMO PIEZA INTERMEDIA ENTRE UNA ARGOLLA, C\u00c1NCAMO O GANCHO Y UNA ESLINGA.<\/h5>\n","protected":false},"excerpt":{"rendered":"<p>EL GRILLETE RECTO ES EL DISPOSITIVO DE ELEVACI\u00d3N M\u00c1S UTILIZADO COMO PIEZA INTERMEDIA ENTRE UNA ARGOLLA, C\u00c1NCAMO O GANCHO Y UNA ESLINGA.<\/p>\n","protected":false},"featured_media":782,"comment_status":"open","ping_status":"closed","template":"","meta":{"_joinchat":[]},"product_cat":[34],"product_tag":[77],"class_list":{"0":"post-806","1":"product","2":"type-product","3":"status-publish","4":"has-post-thumbnail","6":"product_cat-manejo-de-cargas","7":"product_tag-grillete","9":"first","10":"instock","11":"shipping-taxable","12":"product-type-simple"},"_links":{"self":[{"href":"http:\/\/grupoempresarialantillano.com\/index.php?rest_route=\/wp\/v2\/product\/806","targetHints":{"allow":["GET"]}}],"collection":[{"href":"http:\/\/grupoempresarialantillano.com\/index.php?rest_route=\/wp\/v2\/product"}],"about":[{"href":"http:\/\/grupoempresarialantillano.com\/index.php?rest_route=\/wp\/v2\/types\/product"}],"replies":[{"embeddable":true,"href":"http:\/\/grupoempresarialantillano.com\/index.php?rest_route=%2Fwp%2Fv2%2Fcomments&post=806"}],"version-history":[{"count":5,"href":"http:\/\/grupoempresarialantillano.com\/index.php?rest_route=\/wp\/v2\/product\/806\/revisions"}],"predecessor-version":[{"id":812,"href":"http:\/\/grupoempresarialantillano.com\/index.php?rest_route=\/wp\/v2\/product\/806\/revisions\/812"}],"wp:featuredmedia":[{"embeddable":true,"href":"http:\/\/grupoempresarialantillano.com\/index.php?rest_route=\/wp\/v2\/media\/782"}],"wp:attachment":[{"href":"http:\/\/grupoempresarialantillano.com\/index.php?rest_route=%2Fwp%2Fv2%2Fmedia&parent=806"}],"wp:term":[{"taxonomy":"product_cat","embeddable":true,"href":"http:\/\/grupoempresarialantillano.com\/index.php?rest_route=%2Fwp%2Fv2%2Fproduct_cat&post=806"},{"taxonomy":"product_tag","embeddable":true,"href":"http:\/\/grupoempresarialantillano.com\/index.php?rest_route=%2Fwp%2Fv2%2Fproduct_tag&post=806"}],"curies":[{"name":"wp","href":"https:\/\/api.w.org\/{rel}","templated":true}]}}