{"id":976,"date":"2022-03-27T20:00:22","date_gmt":"2022-03-27T20:00:22","guid":{"rendered":"http:\/\/grupoempresarialantillano.com\/?post_type=product&#038;p=976"},"modified":"2022-03-27T20:00:23","modified_gmt":"2022-03-27T20:00:23","slug":"cortina-para-trailer-de-40-pies","status":"publish","type":"product","link":"http:\/\/grupoempresarialantillano.com\/?product=cortina-para-trailer-de-40-pies","title":{"rendered":"CORTINA PARA TRAILER DE 40 PIES"},"content":{"rendered":"<h5>EN GRUPO EMPRESARIAL ANTILLANO NOS ESPECIALIZAMOS EN LAS IMPRESIONES PARA TRAILERS CON SISTEMAS ENCORTINADOS, ESTOS CADA VEZ SON M\u00c1S UTILIZADOS EN EL MERCADO, SE DESTACA POR SU ECON\u00d3MICO PRECIO, COMO TAMBI\u00c9N PORQUE AYUDA CON LA PUBLICIDAD DE LAS EMPRESAS.<\/h5>\n","protected":false},"excerpt":{"rendered":"<p>EN GRUPO EMPRESARIAL ANTILLANO NOS ESPECIALIZAMOS EN LAS IMPRESIONES PARA TRAILERS CON SISTEMAS ENCORTINADOS, ESTOS CADA VEZ SON M\u00c1S UTILIZADOS EN EL MERCADO, SE DESTACA POR SU ECON\u00d3MICO PRECIO, COMO TAMBI\u00c9N PORQUE AYUDA CON LA PUBLICIDAD DE LAS EMPRESAS.<\/p>\n","protected":false},"featured_media":978,"comment_status":"open","ping_status":"closed","template":"","meta":{"_joinchat":[]},"product_cat":[64],"product_tag":[71,72],"class_list":{"0":"post-976","1":"product","2":"type-product","3":"status-publish","4":"has-post-thumbnail","6":"product_cat-cortinas-para-trailers","7":"product_tag-cortina","8":"product_tag-encortinados","10":"first","11":"instock","12":"shipping-taxable","13":"product-type-simple"},"_links":{"self":[{"href":"http:\/\/grupoempresarialantillano.com\/index.php?rest_route=\/wp\/v2\/product\/976","targetHints":{"allow":["GET"]}}],"collection":[{"href":"http:\/\/grupoempresarialantillano.com\/index.php?rest_route=\/wp\/v2\/product"}],"about":[{"href":"http:\/\/grupoempresarialantillano.com\/index.php?rest_route=\/wp\/v2\/types\/product"}],"replies":[{"embeddable":true,"href":"http:\/\/grupoempresarialantillano.com\/index.php?rest_route=%2Fwp%2Fv2%2Fcomments&post=976"}],"version-history":[{"count":1,"href":"http:\/\/grupoempresarialantillano.com\/index.php?rest_route=\/wp\/v2\/product\/976\/revisions"}],"predecessor-version":[{"id":981,"href":"http:\/\/grupoempresarialantillano.com\/index.php?rest_route=\/wp\/v2\/product\/976\/revisions\/981"}],"wp:featuredmedia":[{"embeddable":true,"href":"http:\/\/grupoempresarialantillano.com\/index.php?rest_route=\/wp\/v2\/media\/978"}],"wp:attachment":[{"href":"http:\/\/grupoempresarialantillano.com\/index.php?rest_route=%2Fwp%2Fv2%2Fmedia&parent=976"}],"wp:term":[{"taxonomy":"product_cat","embeddable":true,"href":"http:\/\/grupoempresarialantillano.com\/index.php?rest_route=%2Fwp%2Fv2%2Fproduct_cat&post=976"},{"taxonomy":"product_tag","embeddable":true,"href":"http:\/\/grupoempresarialantillano.com\/index.php?rest_route=%2Fwp%2Fv2%2Fproduct_tag&post=976"}],"curies":[{"name":"wp","href":"https:\/\/api.w.org\/{rel}","templated":true}]}}